{"id":1576,"date":"2024-06-08T02:05:45","date_gmt":"2024-06-08T00:05:45","guid":{"rendered":"https:\/\/zgloszenia.malec-pompy.pl\/?page_id=1576"},"modified":"2024-06-08T02:06:08","modified_gmt":"2024-06-08T00:06:08","slug":"moje-zlecenia","status":"publish","type":"page","link":"https:\/\/zgloszenia.malec-pompy.pl\/index.php\/moje-zlecenia\/","title":{"rendered":"Moje zlecenia"},"content":{"rendered":"\t\t<div data-elementor-type=\"wp-page\" data-elementor-id=\"1576\" class=\"elementor elementor-1576\" data-elementor-post-type=\"page\">\n\t\t\t\t<div class=\"elementor-element elementor-element-a147df7 e-flex e-con-boxed e-con e-parent\" data-id=\"a147df7\" data-element_type=\"container\">\n\t\t\t\t\t<div class=\"e-con-inner\">\n\t\t\t\t<div class=\"elementor-element elementor-element-44f7462 elementor-widget elementor-widget-shortcode\" data-id=\"44f7462\" data-element_type=\"widget\" data-widget_type=\"shortcode.default\">\n\t\t\t\t<div class=\"elementor-widget-container\">\n\t\t\t\t\t<div class=\"elementor-shortcode\">Musisz by\u0107 zalogowany, aby zobaczy\u0107 swoje zg\u0142oszenia.<\/div>\n\t\t\t\t<\/div>\n\t\t\t\t<\/div>\n\t\t\t\t\t<\/div>\n\t\t\t\t<\/div>\n\t\t\t\t<\/div>\n\t\t","protected":false},"excerpt":{"rendered":"","protected":false},"author":1,"featured_media":0,"parent":0,"menu_order":0,"comment_status":"closed","ping_status":"closed","template":"","meta":{"footnotes":""},"class_list":["post-1576","page","type-page","status-publish"],"_links":{"self":[{"href":"https:\/\/zgloszenia.malec-pompy.pl\/index.php\/wp-json\/wp\/v2\/pages\/1576","targetHints":{"allow":["GET"]}}],"collection":[{"href":"https:\/\/zgloszenia.malec-pompy.pl\/index.php\/wp-json\/wp\/v2\/pages"}],"about":[{"href":"https:\/\/zgloszenia.malec-pompy.pl\/index.php\/wp-json\/wp\/v2\/types\/page"}],"author":[{"embeddable":true,"href":"https:\/\/zgloszenia.malec-pompy.pl\/index.php\/wp-json\/wp\/v2\/users\/1"}],"replies":[{"embeddable":true,"href":"https:\/\/zgloszenia.malec-pompy.pl\/index.php\/wp-json\/wp\/v2\/comments?post=1576"}],"version-history":[{"count":4,"href":"https:\/\/zgloszenia.malec-pompy.pl\/index.php\/wp-json\/wp\/v2\/pages\/1576\/revisions"}],"predecessor-version":[{"id":1580,"href":"https:\/\/zgloszenia.malec-pompy.pl\/index.php\/wp-json\/wp\/v2\/pages\/1576\/revisions\/1580"}],"wp:attachment":[{"href":"https:\/\/zgloszenia.malec-pompy.pl\/index.php\/wp-json\/wp\/v2\/media?parent=1576"}],"curies":[{"name":"wp","href":"https:\/\/api.w.org\/{rel}","templated":true}]}}