{"id":1494,"date":"2024-02-23T13:55:15","date_gmt":"2024-02-23T12:55:15","guid":{"rendered":"https:\/\/zgloszenia.malec-pompy.pl\/?page_id=1494"},"modified":"2024-09-26T08:47:10","modified_gmt":"2024-09-26T06:47:10","slug":"logowani-new","status":"publish","type":"page","link":"https:\/\/zgloszenia.malec-pompy.pl\/index.php\/logowani-new\/","title":{"rendered":"Zgloszenia Malec-Pompy"},"content":{"rendered":"\t\t<div data-elementor-type=\"wp-page\" data-elementor-id=\"1494\" class=\"elementor elementor-1494\" data-elementor-post-type=\"page\">\n\t\t\t\t<div class=\"elementor-element elementor-element-5dea4d6 e-con-full e-flex e-con e-parent\" data-id=\"5dea4d6\" data-element_type=\"container\" data-settings=\"{&quot;background_background&quot;:&quot;classic&quot;}\">\n\t\t\t\t<div class=\"elementor-element elementor-element-9caef08 elementor-widget elementor-widget-heading\" data-id=\"9caef08\" data-element_type=\"widget\" data-widget_type=\"heading.default\">\n\t\t\t\t<div class=\"elementor-widget-container\">\n\t\t\t<style>\/*! elementor - v3.23.0 - 05-08-2024 *\/\n.elementor-heading-title{padding:0;margin:0;line-height:1}.elementor-widget-heading .elementor-heading-title[class*=elementor-size-]>a{color:inherit;font-size:inherit;line-height:inherit}.elementor-widget-heading .elementor-heading-title.elementor-size-small{font-size:15px}.elementor-widget-heading .elementor-heading-title.elementor-size-medium{font-size:19px}.elementor-widget-heading .elementor-heading-title.elementor-size-large{font-size:29px}.elementor-widget-heading .elementor-heading-title.elementor-size-xl{font-size:39px}.elementor-widget-heading .elementor-heading-title.elementor-size-xxl{font-size:59px}<\/style><h2 class=\"elementor-heading-title elementor-size-default\">Zg\u0142oszenia serwisowe Malec-Pompy<\/h2>\t\t<\/div>\n\t\t\t\t<\/div>\n\t\t\t\t<div class=\"elementor-element elementor-element-a67698e elementor-widget elementor-widget-eael-login-register\" data-id=\"a67698e\" data-element_type=\"widget\" data-widget_type=\"eael-login-register.default\">\n\t\t\t\t<div class=\"elementor-widget-container\">\n\t\t\t        <div class=\"eael-login-registration-wrapper has-illustration\"\n             data-is-ajax=\"\"\n             data-widget-id=\"a67698e\"\n             data-recaptcha-sitekey=\"6LeiY08qAAAAAI3lVEEodjl5z0orwQzIzqh7601L\"\n\t\t\t data-recaptcha-sitekey-v3=\"\"\n\t\t\t data-login-recaptcha-version=\"v2\"\n\t\t\t data-register-recaptcha-version=\"v2\"\n             data-redirect-to=\"https:\/\/zgloszenia.malec-pompy.pl\/\"\n             data-resetpassword-redirect-to=\"https:\/\/zgloszenia.malec-pompy.pl\/index.php\/logowani-new\/\"\n        >\n\t\t\t            <section\n                    id=\"eael-login-form-wrapper\"\n                    class=\"\"\n                    data-recaptcha-theme=\"light\"\n                    data-recaptcha-size=\"normal\">\n                <div class=\"eael-login-form-wrapper eael-lr-form-wrapper style-2 \">\n\t\t\t\t\t            <div class=\"lr-form-illustration lr-img-pos-left  \"\n                 style=\"background-image: url('https:\/\/zgloszenia.malec-pompy.pl\/wp-content\/uploads\/2022\/01\/brooke-cagle-9a0zEq_F8rs-unsplash.jpg');\"><\/div>\n\t\t                        <div class=\"lr-form-wrapper\">\n\t\t\t\t\t\t\t        <div class=\"lr-form-header header-left\">\n\t\t\t\n\t\t\t                <div class=\"form-dsc\">\n\t\t\t\t\t<h4>Zaloguj si\u0119 do naszej platformy<\/h4>                <\/div>\n\t\t\t        <\/div>\n\t\t\t\t\t\t\t\t\t                            <form class=\"eael-login-form eael-lr-form\"\n                                  id=\"eael-login-form\"\n                                  method=\"post\">\n\t\t\t\t\t\t\t\t                                <div class=\"eael-lr-form-group eael-user-login\">\n\t\t\t\t\t\t\t\t\t                                    <input type=\"text\"\n                                           name=\"eael-user-login\"\n                                           id=\"eael-user-login\"\n                                           class=\"eael-lr-form-control\"\n                                           aria-describedby=\"emailHelp\"\n                                           placeholder=\"Adres e-mail\"\n                                           required>\n\t\t\t\t\t\t\t\t\t                                <\/div>\n                                <div class=\"eael-lr-form-group eael-user-password\">\n\t\t\t\t\t\t\t\t\t                                    <div class=\"eael-lr-password-wrapper\">\n                                        <input type=\"password\"\n                                               name=\"eael-user-password\"\n                                               class=\"eael-lr-form-control\"\n                                               id=\"eael-user-password\"\n                                               placeholder=\"Has\u0142o\"\n                                               required>\n\t\t\t\t\t\t\t\t\t\t\t\t\t\t\t\t\t\t\t\t                                    <\/div>\n                                <\/div>\n                                <div class=\"eael-forever-forget eael-lr-form-group\">\n\t\t\t\t\t\t\t\t\t                                        <p class=\"forget-menot\">\n                                            <input name=\"eael-rememberme\"\n                                                   type=\"checkbox\"\n                                                   id=\"rememberme\"\n\t\t\t\t\t\t\t\t\t\t\t\t                                                      class=\"remember-me \"\n                                                   value=\"forever\">\n                                            <label for=\"rememberme\"\n                                                   class=\"eael-checkbox-label rememberme\">Zapami\u0119taj<\/label>\n                                        <\/p>\n\t\t\t\t\t\t\t\t\t<p class=\"forget-pass\"><a id=\"eael-lr-lostpassword-toggle\" href=\"\" data-action=\"form\">Zapomnia\u0142e\u015b has\u0142a ?<\/a><\/p>\n                                <\/div>\n\n\t\t\t\t\t\t\t\t<input type='hidden' name='g-recaptcha-enabled' value='1'\/><div id='login-recaptcha-node-a67698e' class='eael-recaptcha-wrapper'><\/div>\n\n                                <div class=\"eael-lr-footer\">\n\t\t\t\t\t\t\t\t\t<div class=\"eael-lr-form-loader-wrapper\">\n                                    \t<input type=\"submit\"\n                                           name=\"eael-login-submit\"\n                                           id=\"eael-login-submit\"\n                                           class=\"g-recaptcha eael-lr-btn eael-lr-btn-block \"\n                                           value=\"Zaloguj\"\/>\n\t\t\t\t\t\t\t\t\t\t\n\t\t\t\t\t\t\t\t\t\t\n\t\t\t\t\t\t\t\t\t<\/div>\n\t\t\t\t\t\t\t\t\t                                        <div class=\"eael-sign-wrapper \">\n\t\t\t\t\t\t\t\t\t\t\t<span class=\"d-ib\"><\/span> <a href=\"\" id=\"eael-lr-reg-toggle\" class=\"eael-lr-link\" data-action=\"form\" > Rejestracja<\/a>                                        <\/div>\n\t\t\t\t\t\t\t\t\t\n                                <\/div>\n\t\t\t\t\t\t\t\t                                <div class=\"eael-form-validation-container\">\n\t\t\t\t\t\t\t\t\t                                <\/div>\n\t\t\t\t\t\t\t\t                <input type=\"hidden\"\n                       name=\"redirect_to\"\n                       value=\"https:\/\/zgloszenia.malec-pompy.pl\/\">\n\t\t\t<input type=\"hidden\" id=\"eael-login-nonce\" name=\"eael-login-nonce\" value=\"d0bfda6a02\" \/><input type=\"hidden\" name=\"_wp_http_referer\" value=\"\/index.php\/wp-json\/wp\/v2\/pages\/1494\" \/>        <input type=\"hidden\"\n               name=\"page_id\"\n               value=\"1494\">\n\t\t<input type=\"hidden\"\n               name=\"page_id_for_popup\"\n               value=\"1494\">\t   \n\t\t<input type=\"hidden\"\n               name=\"resetpassword_in_popup_selector\"\n               value=\"\">\n        <input type=\"hidden\"\n               name=\"widget_id\"\n               value=\"a67698e\">\n\t\t                            <\/form>\n\t\t\t\t\t\t\t                        <\/div>\n\t\t\t\t\t\t                <\/div>\n\n            <\/section>\n\n\t\t\t<script>\n\t\t\t\tjQuery(document).ready(function($){\n\t\t\t\t\tvar eael_get_login_status = localStorage.getItem( 'eael-is-login-form' );\n\t\t\t\t\tif( eael_get_login_status === 'true' ) {\n\t\t\t\t\t\tsetTimeout(function() {\n\t\t\t\t\t\t\tvar button = jQuery('[eael-login=\"yes\"]');\n\t\t\t\t\t\t\tif( ! button.hasClass('eael-clicked') ) {\n\t\t\t\t\t\t\t\tbutton.trigger('click').addClass('eael-clicked');\n\t\t\t\t\t\t\t}\n\t\t\t\t\t\t}, 100);\n\n\t\t\t\t\t\tsetTimeout(function() {\n\t\t\t\t\t\t\tjQuery('[eael-login=\"yes\"]').removeClass('eael-clicked')\n\t\t\t\t\t\t}, 500);\n\t\t\t\t\t}\n\t\t\t\t});\n\t\t\t<\/script>\n\t\t\t            <section\n                    id=\"eael-register-form-wrapper\"\n                    class=\"eael-lr-d-none\"\n                    data-recaptcha-theme=\"light\"\n                    data-recaptcha-size=\"normal\"\n                    data-use-weak-password=\"1\"\n                    data-password-min-length=\"\"\n                    data-password-one-uppercase=\"\"\n                    data-password-one-lowercase=\"\"\n                    data-password-one-number=\"\"\n                    data-password-one-special=\"\"\n\t\t\t\t\t>\n                <div class=\"eael-register-form-wrapper eael-lr-form-wrapper style-2 \">\n\t\t\t\t\t            <div class=\"lr-form-illustration lr-img-pos-left  \"\n                 style=\"background-image: url('https:\/\/zgloszenia.malec-pompy.pl\/wp-content\/uploads\/2022\/01\/brooke-cagle-9a0zEq_F8rs-unsplash.jpg');\"><\/div>\n\t\t                    <div class=\"lr-form-wrapper\">\n\t\t\t\t\t\t        <div class=\"lr-form-header header-left\">\n\t\t\t\n\t\t\t                <div class=\"form-dsc\">\n\t\t\t\t\t<h4>Zarejestruj konto<\/h4>                <\/div>\n\t\t\t        <\/div>\n\t\t                        <form class=\"eael-register-form eael-lr-form\"\n                              id=\"eael-register-form\"\n                              method=\"post\"\n\t\t\t\t\t\t\t  \t\t\t\t\t\t\t  >\n\t\t\t\t\t\t\t\t\t\t\t\t\t\t                                <div class=\"eael-lr-form-group elementor-repeater-item-16a3e4e eael-field-type-first_name\">\n\t\t\t\t\t\t\t\t\t<input name=\"first_name\" type=\"text\" placeholder=\"Imi\u0119\" class=\"eael-lr-form-control form-field-first_name\" id=\"form-field-first_name\">\n\t\t\t\t\t\t\t\t<\/div>                                <div class=\"eael-lr-form-group elementor-repeater-item-cdde081 eael-field-type-last_name\">\n\t\t\t\t\t\t\t\t\t<input name=\"last_name\" type=\"text\" placeholder=\"Nazwisko\" class=\"eael-lr-form-control form-field-last_name\" id=\"form-field-last_name\">\n\t\t\t\t\t\t\t\t<\/div>                                <div class=\"eael-lr-form-group elementor-repeater-item-e067aff eael-field-type-email\">\n\t\t\t\t\t\t\t\t\t<input name=\"email\" type=\"email\" placeholder=\"Adres e-mail\" class=\"eael-lr-form-control form-field-email\" id=\"form-field-email\" required=\"required\" aria-required=\"true\">\n\t\t\t\t\t\t\t\t<\/div>                                <div class=\"eael-lr-form-group elementor-repeater-item-3fc9788 eael-field-type-password\">\n\t\t\t\t\t\t\t\t\t<div class=\"eael-lr-password-wrapper-register\"><input name=\"password\" type=\"password\" placeholder=\"Has\u0142o\" class=\"eael-lr-form-control form-field-password\" id=\"form-field-password\" required=\"required\" aria-required=\"true\"><\/div>\n\t\t\t\t\t\t\t\t<\/div>                                <div class=\"eael-lr-form-group elementor-repeater-item-c440933 eael-field-type-confirm_pass\">\n\t\t\t\t\t\t\t\t\t<input name=\"confirm_pass\" type=\"password\" placeholder=\"Potwierd\u017a has\u0142o\" class=\"eael-lr-form-control form-field-confirm_pass\" id=\"form-field-confirm_pass\" required=\"required\" aria-required=\"true\">\n\t\t\t\t\t\t\t\t<\/div><input type=\"hidden\" id=\"eael-register-nonce\" name=\"eael-register-nonce\" value=\"8280cbbf55\" \/><input type=\"hidden\" name=\"_wp_http_referer\" value=\"\/index.php\/wp-json\/wp\/v2\/pages\/1494\" \/>        <input type=\"hidden\"\n               name=\"page_id\"\n               value=\"1494\">\n\t\t<input type=\"hidden\"\n               name=\"page_id_for_popup\"\n               value=\"1494\">\t   \n\t\t<input type=\"hidden\"\n               name=\"resetpassword_in_popup_selector\"\n               value=\"\">\n        <input type=\"hidden\"\n               name=\"widget_id\"\n               value=\"a67698e\">\n\t\t        <div class=\"eael_accept_tnc_wrap\">\n            <input type=\"hidden\"\n                   name=\"eael_tnc_active\"\n                   value=\"1\">\n            <input type=\"checkbox\"\n                   name=\"eael_accept_tnc\"\n                   class=\"eael_accept_tnc \"\n                   value=\"1\"\n                   id=\"eael_accept_tnc\">\n            <label for=\"eael_accept_tnc\"\n                   class=\"eael-checkbox-label check-accept\">\n\t\t\t\tAkceptuje            <\/label>\n\t\t\t<a href=\"https:\/\/zgloszenia.malec-pompy.pl\/index.php\/polityka-prywatnosci\/\" id=\"eael-lr-tnc-link\" class=\"eael-lr-tnc-link\"  target=\"_blank\" rel=\"nofollow\">Polityk\u0119 prywatno\u015bci<\/a>        <\/div>\n\n\t\t<div class=\"eael-lr-tnc-wrap\"><\/div><input type='hidden' name='g-recaptcha-enabled' value='1'\/><div id='register-recaptcha-node-a67698e' class='eael-recaptcha-wrapper'><\/div>\n                            <div class=\"eael-lr-footer\">\n\t\t\t\t\t\t\t\t<div class=\"eael-lr-form-loader-wrapper\">\n                                \t<input type=\"submit\"\n                                       name=\"eael-register-submit\"\n                                       id=\"eael-register-submit\"\n                                       class=\"eael-lr-btn eael-lr-btn-block\"\n                                       value=\"Wy\u015blij\"\/>\n\t\t\t\t\t\t\t\t\t\t\n\t\t\t\t\t\t\t\t\t\n\t\t\t\t\t\t\t\t<\/div>\n\t\t\t\t\t\t\t\t                                    <div class=\"eael-sign-wrapper  \">\n\t\t\t\t\t\t\t\t\t\t<span class=\"d-ib\"><\/span> <a href=\"\" id=\"eael-lr-login-toggle\" class=\"eael-lr-link\" data-action=\"form\" >Zaloguj<\/a>                                    <\/div>\n\t\t\t\t\t\t\t\t                            <\/div>\n\n\t\t\t\t\t\t\t\n                            <div class=\"eael-form-validation-container\">\n\t\t\t\t\t\t\t\t                            <\/div>\n\t\t\t\t\t\t\t                        <\/form>\n\t\t\t\t\t\t                    <\/div>\n\t\t\t\t\t                <\/div>\n            <\/section>\n\t\t\t            <section\n                    id=\"eael-lostpassword-form-wrapper\"\n                    class=\"eael-lr-d-none\"\n                    >\n                <div class=\"eael-lostpassword-form-wrapper eael-lr-form-wrapper style-2 \">\n\t\t\t\t\t            <div class=\"lr-form-illustration lr-img-pos-left  \"\n                 style=\"background-image: url('https:\/\/zgloszenia.malec-pompy.pl\/wp-content\/uploads\/2022\/01\/brooke-cagle-9a0zEq_F8rs-unsplash.jpg');\"><\/div>\n\t\t\t\t\t\t\t<div class=\"lr-form-wrapper\">\n\t\t\t\t\t\t\t\t\t\t\t\t\t\t\t\t\t\t<form class=\"eael-lostpassword-form eael-lr-form\"\n\t\t\t\t\t\t\t  id=\"eael-lostpassword-form\"\n\t\t\t\t\t\t\t  method=\"post\">\n\t\t\t\t\t\t\t\t\t\t\t\t\t\t<div class=\"eael-lr-form-group \">\n\t\t\t\t\t\t\t\t<label for=\"eael-user-lostpassword\" class=\"eael-field-label\">Username or Email Address<\/label>\t\t\t\t\t\t\t\t<input type=\"text\"\n\t\t\t\t\t\t\t\t\t   name=\"eael-user-lostpassword\"\n\t\t\t\t\t\t\t\t\t   id=\"eael-user-lostpassword\"\n\t\t\t\t\t\t\t\t\t   class=\"eael-lr-form-control\"\n\t\t\t\t\t\t\t\t\t   aria-describedby=\"emailHelp\"\n\t\t\t\t\t\t\t\t\t   placeholder=\"Username or Email Address\"\n\t\t\t\t\t\t\t\t\t   required>\n\t\t\t\t\t\t\t\t\t\t\t\t\t\t\t<\/div>\n\n\t\t\t\t\t\t\t\n\t\t\t\t\t\t\t<div class=\"eael-lr-footer\">\n\t\t\t\t\t\t\t\t<input type=\"submit\"\n\t\t\t\t\t\t\t\t\t   name=\"eael-lostpassword-submit\"\n\t\t\t\t\t\t\t\t\t   id=\"eael-lostpassword-submit\"\n\t\t\t\t\t\t\t\t\t   class=\"eael-lr-btn eael-lr-btn-block   \"\n\t\t\t\t\t\t\t\t\t   value=\"Zresetuj\"\/>\n\t\t\t\t\t\t\t\t\t\t\t\t\t\t\t\t\t<div class=\"eael-sign-wrapper \">\n\t\t\t\t\t\t\t\t\t\t<span class=\"d-ib\"> <\/span> <a href=\"\" id=\"eael-lr-login-toggle-lostpassword\" class=\"eael-lr-link\" data-action=\"form\"  >Zaloguj<\/a>\t\t\t\t\t\t\t\t\t<\/div>\n\t\t\t\t\t\t\t\t\n\t\t\t\t\t\t\t<\/div>\n\t\t\t\t\t\t\t\t\t\t\t\t\t\t<div class=\"eael-form-validation-container\">\n\t\t\t\t\t\t\t\t\t\t\t\t\t\t\t<\/div>\n\t\t\t\t\t\t\t<input type=\"hidden\" id=\"eael-lostpassword-nonce\" name=\"eael-lostpassword-nonce\" value=\"91d125a18f\" \/><input type=\"hidden\" name=\"_wp_http_referer\" value=\"\/index.php\/wp-json\/wp\/v2\/pages\/1494\" \/>        <input type=\"hidden\"\n               name=\"page_id\"\n               value=\"1494\">\n\t\t<input type=\"hidden\"\n               name=\"page_id_for_popup\"\n               value=\"1494\">\t   \n\t\t<input type=\"hidden\"\n               name=\"resetpassword_in_popup_selector\"\n               value=\"\">\n        <input type=\"hidden\"\n               name=\"widget_id\"\n               value=\"a67698e\">\n\t\t\t\t\t\t\t\t<\/form>\n\t\t\t\t\t\t\t\t\t\t\t<\/div>\n\t\t\t\t\t                <\/div>\n\n            <\/section>\n\t\t\t        <\/div>\n\n\t\t\t\t<\/div>\n\t\t\t\t<\/div>\n\t\t\t\t<\/div>\n\t\t\t\t<\/div>\n\t\t","protected":false},"excerpt":{"rendered":"<p>Zg\u0142oszenia serwisowe Malec-Pompy Jeste\u015b ju\u017c zalogowany jako admin. (Logout) Zarejestruj konto Akceptuje Polityk\u0119 prywatno\u015bci Zaloguj Username or Email Address Zaloguj<\/p>\n","protected":false},"author":1,"featured_media":0,"parent":0,"menu_order":0,"comment_status":"closed","ping_status":"closed","template":"elementor_canvas","meta":{"footnotes":""},"class_list":["post-1494","page","type-page","status-publish"],"_links":{"self":[{"href":"https:\/\/zgloszenia.malec-pompy.pl\/index.php\/wp-json\/wp\/v2\/pages\/1494","targetHints":{"allow":["GET"]}}],"collection":[{"href":"https:\/\/zgloszenia.malec-pompy.pl\/index.php\/wp-json\/wp\/v2\/pages"}],"about":[{"href":"https:\/\/zgloszenia.malec-pompy.pl\/index.php\/wp-json\/wp\/v2\/types\/page"}],"author":[{"embeddable":true,"href":"https:\/\/zgloszenia.malec-pompy.pl\/index.php\/wp-json\/wp\/v2\/users\/1"}],"replies":[{"embeddable":true,"href":"https:\/\/zgloszenia.malec-pompy.pl\/index.php\/wp-json\/wp\/v2\/comments?post=1494"}],"version-history":[{"count":30,"href":"https:\/\/zgloszenia.malec-pompy.pl\/index.php\/wp-json\/wp\/v2\/pages\/1494\/revisions"}],"predecessor-version":[{"id":1603,"href":"https:\/\/zgloszenia.malec-pompy.pl\/index.php\/wp-json\/wp\/v2\/pages\/1494\/revisions\/1603"}],"wp:attachment":[{"href":"https:\/\/zgloszenia.malec-pompy.pl\/index.php\/wp-json\/wp\/v2\/media?parent=1494"}],"curies":[{"name":"wp","href":"https:\/\/api.w.org\/{rel}","templated":true}]}}